{"id":489,"date":"2022-07-05T13:52:17","date_gmt":"2022-07-05T11:52:17","guid":{"rendered":"https:\/\/bigcms.com\/privacy-policy\/"},"modified":"2024-03-19T15:19:04","modified_gmt":"2024-03-19T14:19:04","slug":"politika-privatnosti","status":"publish","type":"page","link":"https:\/\/bigcms.com\/sr\/politika-privatnosti\/","title":{"rendered":"Politika privatnosti"},"content":{"rendered":"<h5 style=\"text-align: center;\">bigcms.com<\/h5>\r\n<h5 style=\"text-align: center;\">CUBES doo Beograd-Novi Beograd<\/h5>\r\n<p>&nbsp;<\/p>\r\n<p style=\"text-align: left;\">Web sajt <strong>\u201cbigcms\u201d<\/strong> koji se nalazi na web adresi <a href=\"http:\/\/bigcms.com\">bigcms.com<\/a> je u vlasni\u0161tvu kompanije Cubes d.o.o. Politika privatnosti koja se primenjuje i va\u017ei na sajtu \u201cbigcms.com\u201d je uskla\u0111ena sa Politikom privatnosti kompanije Cubes d.o.o.<\/p>\r\n<p style=\"text-align: left;\">CUBES doo Beograd-Novi Beograd (u daljem tekstu: Cubes), sa sedi\u0161tem u Beogradu, op\u0161tina Novi Beograd, ul. Bulevar Mihaila Pupina br. 181, MB: 21137448, PIB: 109174994, u obavljanju svoje delatnosti obra\u0111uje podatke o li\u010dnosti po\u0161tuju\u0107i sve relevantne zakone i propise.<\/p>\r\n<p>&nbsp;<\/p>\r\n<h3 style=\"text-align: center;\">Molimo Vas da slede\u0107e Informacije pa\u017eljivo pro\u010ditate<\/h3>\r\n<p>&nbsp;<\/p>\r\n<h5 style=\"text-align: left;\">Rukovalac podacima o li\u010dnosti<\/h5>\r\n<p style=\"text-align: left;\">Cubes je rukovalac podacima o li\u010dnosti u skladu sa zakonom i propisima o za\u0161titi podataka o li\u010dnosti. Cubes, kao Rukovalac podacima o li\u010dnosti, odre\u0111uje svrhu i sredstva obrade podataka o li\u010dnosti i odgovoran je za \u010duvanje i kori\u0161\u0107enje podataka o li\u010dnosti u pisanoj i\/ili elektronskoj formi.<\/p>\r\n<h5 style=\"text-align: left;\">Obra\u0111iva\u010d podataka o li\u010dnosti<\/h5>\r\n<p style=\"text-align: left;\">Cubes, u svom poslovanju, mo\u017ee obra\u0111ivati podatke o li\u010dnosti u ime Rukovaoca podacima o li\u010dnosti, odnosno u skladu sa njegovim pisanim uputstvima u kom slu\u010daju ima svojstvo Obra\u0111iva\u010da podataka o li\u010dnosti.<\/p>\r\n<h5 style=\"text-align: left;\">Lice za za\u0161titu podataka o li\u010dnosti<\/h5>\r\n<p style=\"text-align: left;\">Cubes\u00a0je u skladu sa Zakonom o za\u0161titi podataka o li\u010dnosti odredilo\u00a0<u><a href=\"https:\/\/cvjeticaninlegal.com\/advokatska-kancelarija-cvjeticanin-partneri-pruza-usluge-obavljanja-poslova-lica-za-zastitu-podataka-o-licnosti\/\">Lice za za\u0161titu podataka o li\u010dnosti (<em>DPO<\/em>)<\/a><\/u>\u00a0kome se mo\u017eete obratiti vezano za sva pitanja koja se odnose na obradu podataka o li\u010dnosti, odnosno ostvarivanje prava na za\u0161titu podataka o li\u010dnosti.<br \/><u><strong>Kontakt podaci Lica za za\u0161titu podataka o li\u010dnosti:<\/strong><\/u><\/p>\r\n<p style=\"text-align: left;\"><strong>Nenad Cvjeti\u0107anin<\/strong><\/p>\r\n<p style=\"text-align: left;\">Adresa: Beograd, Jurija Gagarina 127\/91;<\/p>\r\n<p style=\"text-align: left;\">Email:\u00a0<u><a href=\"mailto:lzp@cubes.rs\">lzp@cubes.rs<\/a><\/u>,<\/p>\r\n<p style=\"text-align: left;\">Broj\u00a0telefona: 011\/409-1176<\/p>\r\n<h5 style=\"text-align: left;\">Koje podatke o li\u010dnosti Cubes prikuplja?<\/h5>\r\n<p style=\"text-align: left;\">Podaci o li\u010dnosti koje Cubes prikuplja zavise od vrste usluga koje pru\u017ea svojim klijentima, odnosno posetiocima internet prezentacija koje se nalaze na slede\u0107em internet domenu: <a href=\"http:\/\/bigcms.com\">http:\/\/bigcms.com<\/a> . Re\u010d je, pre svega, o podacima o li\u010dnosti bez kojih Cubes ne mo\u017ee da izvr\u0161i uslugu, a uklju\u010duju najmanje podatke vezane za kori\u0161\u0107enje internet prezentacije koja se nalazi na pomenutom internet domenu, kao i ostale li\u010dne podatke neophodne za ostvarenje klijentovih prava baziranih na zakonskim odredbama.<\/p>\r\n<h5 style=\"text-align: left;\">Prikupljanje i kori\u0161\u0107enje podataka o li\u010dnosti<\/h5>\r\n<p style=\"text-align: left;\">Cubes prikuplja i upravlja podacima o li\u010dnosti radi pru\u017eanja usluga iz oblasti svog poslovanja, kao i kako bi ispunio zakonske i regulatorne obaveze i u svrhu ostvarenja sopstvenih legitimnih interesa zakonitog poslovanja. Ako to od nas tra\u017ee relevantni zakonski propisi, za odre\u0111ene razloge \u0107emo od korisnika dodatno tra\u017eiti njegov (Va\u0161) izri\u010diti pristanak.<\/p>\r\n<p style=\"text-align: left;\">Razlozi zbog kojih obra\u0111ujemo podatke o li\u010dnosti radi\u00a0<strong>sklapanja i ispunjenja ugovornih obaveza<\/strong>\u00a0su:<\/p>\r\n<ul style=\"text-align: left;\">\r\n<li>izrada i isporuka internet prodavnice, aplikacije odnosno internet prezentacije;<\/li>\r\n<li>slanje Newslettera licima koja se prijave da budu na Newsletter listi Cubes-a<\/li>\r\n<li>administracija ugovornog odnosa;<\/li>\r\n<li>upravljanje i primanje prigovora, pritu\u017ebi i reklamacija;<\/li>\r\n<li>administriranja aplikacija, internet prodavnica, internet prezentacija, odnosno prilikom pru\u017eanja usluga iz oblasti njegovog poslovanja;<\/li>\r\n<li>selekcioni proces pri prijavi kandidata za otvorene radne pozicije;<\/li>\r\n<li>stupanje u kontakt sa licima koja po\u0161alju upit za sradnju ( popune kontakt formu)<\/li>\r\n<li>druge zakonske obaveze koje proizlaze iz poslovanja Cubes-a.<\/li>\r\n<\/ul>\r\n<p>&nbsp;<\/p>\r\n<p style=\"text-align: left;\">Razlozi radi kojih obra\u0111ujemo Va\u0161e podatke o li\u010dnosti\u00a0na bazi na\u0161ih\u00a0<strong>poslovnih legitimnih interesa<\/strong>\u00a0su:<\/p>\r\n<p style=\"text-align: left;\">&#8211; obave\u0161tavanje o promenama vezanim za uslove poslovanja;<\/p>\r\n<p style=\"text-align: left;\">&#8211; spre\u010davanje i otkrivanje prevare.<\/p>\r\n<p style=\"text-align: left;\">Za sve druge svrhe, koje nisu uvr\u0161tene u gore pobrojane svrhe, Cubes \u0107e zatra\u017eiti Va\u0161 dodatni pristanak. Dati pristanak mo\u017eete povu\u0107i u svakom trenutku.<\/p>\r\n<h5 style=\"text-align: left;\">Pristup podacima o li\u010dnosti<\/h5>\r\n<p style=\"text-align: left;\">Cubes preduzima tehni\u010dke i organizacione mere kako bi se prikupljeni podaci o li\u010dnosti obra\u0111ivali samo na na\u010din koji je u skladu sa navedenom svrhom. Ukoliko je neophodno u svrhu izvr\u0161enja na\u0161ih poslovnih aktivnosti, pristup podacima o li\u010dnosti \u0107e biti omogu\u0107en tre\u0107im stranama i to:<\/p>\r\n<ul style=\"text-align: left;\">\r\n<li>dr\u017eavnim organima i organima javne vlasti koja u svrhu sprovo\u0111enja zakonskih obaveza imaju pravo pristupa podacima o li\u010dnosti;<\/li>\r\n<li>advokatima,<\/li>\r\n<li>servisnim slu\u017ebama, \u0161tampariji, finansijskim ustanovama i drugim poslovnim partnerima.<\/li>\r\n<\/ul>\r\n<p style=\"text-align: left;\">Svi, izuzev dr\u017eavnih organa i organa javne vlasti, podatke o li\u010dnosti obra\u0111uju isklju\u010divo prema uputstvima Cubes-a.<\/p>\r\n<h5 style=\"text-align: left;\">Obrada podataka o li\u010dnosti<\/h5>\r\n<p style=\"text-align: left;\">Korisni\u010dki podaci o li\u010dnosti \u0107e biti obra\u0111ivani od strane izvr\u0161ilaca obrade koji su navedeni u poglavlju\u00a0<strong>Pristup<\/strong>\u00a0<strong>podacima o li\u010dnosti<\/strong>, a \u010dija je odgovornost i obaveza za\u0161tite podataka o li\u010dnosti i \u010duvanja njihove poverljivosti definisana ugovornim odnosom i u skladu sa svim tehni\u010dkim i organizacijskim merama i zakonskim propisima koji ure\u0111uju za\u0161titu podataka. Va\u0161i podaci, koje je Cubes\u00a0prikupio u svrhe navedene u poglavlju\u00a0<strong>Prikupljanje i kori\u0161\u0107enje podataka o li\u010dnosti<\/strong>, ne\u0107e biti dostupni nikome ko za to nema ovla\u0161\u0107enje\u00a0Cubes-a.<\/p>\r\n<h5 style=\"text-align: left;\">Ostvarivanje prava<\/h5>\r\n<p style=\"text-align: left;\">Kada je to zakonski predvi\u0111eno lice \u010dije podatke Cubes obra\u0111uje ima\u00a0<strong>pravo na informacije<\/strong>\u00a0o obradi njegovih podataka o li\u010dnosti;\u00a0<strong>povla\u010denje svog pristanka<\/strong>\u00a0u bilo koje vreme, ako podatke o li\u010dnosti Cubes\u00a0obra\u0111uje uz dat pristanak;\u00a0<strong>ispravku ili dopunu podataka<\/strong>\u00a0o li\u010dnosti kako bi uvek bili ta\u010dni;\u00a0<strong>brisanje podataka o li\u010dnosti<\/strong>\u00a0kada vi\u0161e nisu potrebni za gore navedene svrhe;\u00a0<strong>podno\u0161enje prigovora<\/strong>\u00a0Cubes-u ili nadle\u017enom dr\u017eavnom organu.<\/p>\r\n<p style=\"text-align: left;\">Lica na koja se podaci o li\u010dnosti odnose mogu svoja prava ostvariti postavljanjem zahteva, i to putem slede\u0107ih komunikacijskih kanala:<\/p>\r\n<ul style=\"text-align: left;\">\r\n<li>li\u010dno u poslovnim prostorijama Cubes-a \u2013 Ul. Bulevar Mihaila Pupina br. 181,\u00a0 Beograd \u2013 Novi Beograd<\/li>\r\n<li>putem elektronske po\u0161te poslate sa u sistemu\u00a0Cubes-a registrovane e-mail adrese: \u00a0\u00a0<u><em><a href=\"mailto:lzp@cubes.rs\">lzp@cubes.rs<\/a><\/em><\/u>.<\/li>\r\n<\/ul>\r\n<p style=\"text-align: left;\">Nezavisno od odabranog komunikacijskog kanala zahtev se podnosi li\u010dno i na takav na\u010din da je zaposlenima i\/ili ovla\u0161\u0107enim licima Cubes-a omogu\u0107ena identifikacija podnosioca zahteva.<\/p>\r\n<h5 style=\"text-align: left;\">Pravo na prigovor nadzornom organu<\/h5>\r\n<p style=\"text-align: left;\">Osim prigovora na obradu podataka o li\u010dnosti podnesenog Cubes \u2013 u, prigovor na obradu li\u010dnih podataka mogu\u0107e je podneti i kancelariji\u00a0Poverenika za informacije od javnog zna\u010daja i za\u0161titu podataka o li\u010dnosti, Bulevar kralja Aleksandra 15, 11 000 Beograd, Republika Srbija, na e-mail\u00a0<em><u><a href=\"mailto:office@poverenik.rs\">office@poverenik.rs<\/a><\/u><\/em>\u00a0ili na broj telefona: 011 3408 900.<\/p>\r\n<h5 style=\"text-align: left;\">\u010cuvanje podataka o li\u010dnosti<\/h5>\r\n<p style=\"text-align: left;\">Vremenski period \u010duvanja podataka o li\u010dnosti korisnika zavisi od svrhe zbog koje Cubes-a obra\u0111uje.<\/p>\r\n<ul>\r\n<li style=\"text-align: left;\">Podaci prikupljeni u svrhu sprovo\u0111enja eliminacionog ispita radi selekcije prijavljenih lica (kandidata) za poha\u0111anje obuke iz oblasti programiranja \u010duvaju se do izvr\u0161ene selekcije;<\/li>\r\n<li style=\"text-align: left;\">Podaci prikupljeni u svrhu sprovo\u0111enja obuke iz oblasti programiranja \u010duvaju se do momenta okon\u010danja obuke, odnosno ispunjenja ugovornih obaveza;<\/li>\r\n<li style=\"text-align: left;\">Podaci prikupljeni u svrhu izrade i isporuke internet prodavnice, aplikacije odnosno internet prezentacije, u svrhu administracije ugovornih odnosa, kao i u svrhu administriranja aplikacija, internet prodavnica, internet prezentacija, odnosno pru\u017eanja usluga iz oblasti njegovog poslovanja &#8211; do momenta izvr\u0161enja ugovornih obaveza;<\/li>\r\n<li style=\"text-align: left;\">Podaci lica koja su prijavljena na Newsletter listu \u010duvaju se dok se nalaze na Newsletter listi;<\/li>\r\n<li style=\"text-align: left;\">Podaci prikupljeni zbog obrada baziranih na zakonskoj osnovi, \u010duvaju se u skladu sa vremenskim ograni\u010denjima odredbi predmetnog zakona (na primer Zakon o ra\u010dunovodstvu i sli\u010dno).<\/li>\r\n<\/ul>\r\n<h5 style=\"text-align: left;\">Kontakt<\/h5>\r\n<p style=\"text-align: left;\">Za bilo kakva pitanja o na\u010dinu kori\u0161\u0107enja podataka o li\u010dnosti mo\u017eete nas kontaktirati telefonom, e-mailom ili po\u0161tom kako sledi:<\/p>\r\n<ul style=\"text-align: left;\">\r\n<li>slanjem elektronske po\u0161te na\u00a0<u><em><a href=\"mailto:lzp@cubes.rs\">lzp@cubes.rs<\/a><\/em><\/u>;<\/li>\r\n<li>pisanim putem preko adrese: CUBES doo Beograd-Novi Beograd,\u00a0ul. Bulevar Mihaila Pupina br. 181, Beograd \u2013 Novi\u00a0\u00a0 Beograd, Republika Srbija putem obrasca koji mo\u017eete preuzeti\u00a0<a href=\"https:\/\/cubes.edu.rs\/uploads\/filemanager\/Politika%20privatnosti\/CUBES-Obrazac-Zahtev-za-ostvarivanje-prava%20u%20vezi%20sa%20obradom%20podataka%20....pdf\"><u>ovde<\/u><\/a><\/li>\r\n<li>pozivom kontakt centra na\u00a0011\/409-1176.<\/li>\r\n<\/ul>\r\n<p style=\"text-align: left;\">Za komunikaciju zbog ostvarivanja prava vezanih za za\u0161titu podataka o li\u010dnosti potrebno je koristiti komunikacijske kanale definisane u poglavlju\u00a0\u201eOstvarivanje prava\u201c\u00a0kako bi svaki zahtev bio prihva\u0107en, a korisnik kao podnosilac zahteva identifikovan.<\/p>\r\n<h4 style=\"text-align: left;\">A\u017euriranje Informacije o obradi podataka o li\u010dnosti<\/h4>\r\n<p>Cubes redovno revidira i a\u017eurira sadr\u017eaj Politike privatnosti i isti uskla\u0111uje sa promenama u sopstvenim poslovnim procesima, sa promenama zakonskih odredbi i regulatornih obaveza. Aktuelna verzija Politike privatnosti dostupna je na internet prezentaciji Cubes-a na internet domenu: <a href=\"http:\/\/bigcms.com\">http:\/\/bigcms.com<\/a>.\u00a0<br \/>Ukoliko do\u0111e do zna\u010dajnih promena koje u ve\u0107oj meri uti\u010du na obradu podataka o li\u010dnosti Cubes \u0107e takve promene bez odlaganja objaviti na svojim internet prezentacijama i direktno Vas informisati.<\/p>\r\n<h5 style=\"text-align: left;\">Kola\u010di\u0107i (eng.\u00a0<em>Cookies<\/em>) i pra\u0107enje internet aktivnosti<\/h5>\r\n<p style=\"text-align: left;\">Cubes koristi kola\u010di\u0107e (eng. Cookies) kako bi posetiocima internet prezentacija Cubes-a koje se nalaze na internet domenu <a href=\"http:\/\/bigcms.com\">http:\/\/bigcms.com<\/a> olak\u0161ao i pobolj\u0161ao pristup funkcijama koje im pru\u017ea ova internet prezentacija.<\/p>\r\n<p style=\"text-align: left;\">Kola\u010di\u0107 je informacija, odnosno tekstualna datoteka koju internet prezentacije koje pose\u0107ujete skladi\u0161te na Va\u0161 ure\u0111aj\u00a0(ra\u010dunar, tablet, pametni telefon).<\/p>\r\n<p style=\"text-align: left;\">Informacije koje \u00a0Cubes prikuplja putem kola\u010di\u0107a \u00a0koriste se za pam\u0107enje pode\u0161avanja i korisni\u010dkih aktivnosti na internet prezentacijama kao \u0161to su pregledanje usluga, kretanje po stranicama i sli\u010dno.<\/p>\r\n<p style=\"text-align: left;\">Cubes na svojim internet prezentacijama koristi usluge za analizu poseta i pra\u0107enja navika posetilaca (npr.\u00a0<em>Google Analytics, Facebook Pixel<\/em>). Pru\u017ealac usluga mo\u017ee da upotrebom kola\u010di\u0107a prati korisnikove posete na\u0161im i drugim internet sedi\u0161tima i na osnovu toga da korisniku prika\u017ee\u00a0Cubes-u pla\u0107ene oglase ili oglase drugih korisnika usluge. Prikaz oglasa korisnik mo\u017ee zaustaviti na stranici pru\u017eaoca usluga zadu\u017eenih za prikaz oglasa.<\/p>\r\n<p style=\"text-align: left;\">Ukoliko ne \u017eelite da Cubes prikuplja kola\u010di\u0107e, molimo da napustite ovu internet prezentaciju.<\/p>\r\n<h5>Newsletter i upotreba podataka o li\u010dnosti za marketing<\/h5>\r\n<p style=\"text-align: left;\">Ukoliko korisnik \u017eeli da prima obave\u0161tenja o na\u0161oj ponudi putem elektronske po\u0161te potrebno je da napravi prijavu na\u00a0Newsletter.\u00a0Pri ispunjavanju obrasca za prijavu potrebno je uneti adresu elektronske po\u0161te na koju \u017eeli korisnik da prima Newsletter. Svi registrovani korisnici\u00a0internet prezentacija Cubes-a u svakom trenutku mogu da se prijave ili odjave sa Newsletter-a.<\/p>\r\n<p style=\"text-align: left;\">Za isporuke Newsletter-a\u00a0Cubes\u00a0mo\u017ee da koristi tehni\u010dke usluge spoljnjih poslovnih partnera. U navedenom slu\u010daju\u00a0Cubes istima daje na obradu isklju\u010divo adresu elektronske po\u0161te koju je korisnik prijavio za dobijanje Newsletter-a. Tako\u0111e, Cubes obezbe\u0111uje da odabrani poslovni partner istu koristi isklju\u010divo u svrhu isporuke na\u0161ih Newsletter-a, u vremenskom periodu dok je korisnik na njega prijavljen i u druge svrhe ne sme koristiti tu adresu elektronske po\u0161te.<\/p>\r\n<p style=\"text-align: left;\">Cubes ne\u0107e korisni\u010dke kontakt podatke date za prijavu na Newsletter deliti sa tre\u0107im stranama, osim u slu\u010daju i pod uslovima koji su navedeni u ovoj Politici privatnosti.<\/p>\r\n<p style=\"text-align: left;\">Obuku za\u00a0<u>za\u0161titu podataka o li\u010dnosti<\/u>\u00a0za privredno dru\u0161tvo Cubes izvr\u0161ila je\u00a0Advokatska kancelarija Cvjeti\u0107anin&amp;Partners.<\/p>\r\n","protected":false},"excerpt":{"rendered":"<p>bigcms.com CUBES doo Beograd-Novi Beograd &nbsp; Web sajt \u201cbigcms\u201d koji se nalazi na web adresi bigcms.com je u vlasni\u0161tvu kompanije Cubes d.o.o. Politika privatnosti koja se primenjuje i va\u017ei na sajtu \u201cbigcms.com\u201d je uskla\u0111ena sa Politikom privatnosti kompanije Cubes d.o.o. CUBES doo Beograd-Novi Beograd (u daljem tekstu: Cubes), sa sedi\u0161tem u Beogradu, op\u0161tina Novi Beograd, [&hellip;]<\/p>\n","protected":false},"author":1,"featured_media":0,"parent":0,"menu_order":0,"comment_status":"closed","ping_status":"closed","template":"","meta":{"_acf_changed":false,"_seopress_robots_primary_cat":"","_seopress_titles_title":"","_seopress_titles_desc":"","_seopress_robots_index":"","footnotes":""},"class_list":["post-489","page","type-page","status-publish","hentry"],"acf":[],"_links":{"self":[{"href":"https:\/\/bigcms.com\/sr\/wp-json\/wp\/v2\/pages\/489","targetHints":{"allow":["GET"]}}],"collection":[{"href":"https:\/\/bigcms.com\/sr\/wp-json\/wp\/v2\/pages"}],"about":[{"href":"https:\/\/bigcms.com\/sr\/wp-json\/wp\/v2\/types\/page"}],"author":[{"embeddable":true,"href":"https:\/\/bigcms.com\/sr\/wp-json\/wp\/v2\/users\/1"}],"replies":[{"embeddable":true,"href":"https:\/\/bigcms.com\/sr\/wp-json\/wp\/v2\/comments?post=489"}],"version-history":[{"count":3,"href":"https:\/\/bigcms.com\/sr\/wp-json\/wp\/v2\/pages\/489\/revisions"}],"predecessor-version":[{"id":805,"href":"https:\/\/bigcms.com\/sr\/wp-json\/wp\/v2\/pages\/489\/revisions\/805"}],"wp:attachment":[{"href":"https:\/\/bigcms.com\/sr\/wp-json\/wp\/v2\/media?parent=489"}],"curies":[{"name":"wp","href":"https:\/\/api.w.org\/{rel}","templated":true}]}}